{"id":1124,"date":"2024-02-27T16:59:00","date_gmt":"2024-02-27T15:59:00","guid":{"rendered":"https:\/\/afbpo.fr\/?page_id=1124"},"modified":"2024-03-06T20:56:45","modified_gmt":"2024-03-06T19:56:45","slug":"archives","status":"publish","type":"page","link":"https:\/\/afbpo.fr\/nl\/archives\/","title":{"rendered":"Archief"},"content":{"rendered":"\n<div class=\"wp-block-group\"><div class=\"wp-block-group__inner-container is-layout-constrained wp-block-group-is-layout-constrained\">\n<div class=\"wp-block-group\"><div class=\"wp-block-group__inner-container is-layout-constrained wp-block-group-is-layout-constrained\"><div class=\"wp-block-archives-dropdown wp-block-archives\"><label for=\"wp-block-archives-1\" class=\"wp-block-archives__label\">Archieven<\/label>\n\t\t<select id=\"wp-block-archives-1\" name=\"archive-dropdown\">\n\t\t<option value=\"\">Maand selecteren<\/option>\t<option value='https:\/\/afbpo.fr\/nl\/2026\/04\/'> april 2026 &nbsp;(2)<\/option>\n\t<option value='https:\/\/afbpo.fr\/nl\/2026\/03\/'> maart 2026 &nbsp;(2)<\/option>\n\t<option value='https:\/\/afbpo.fr\/nl\/2026\/02\/'> februari 2026 &nbsp;(1)<\/option>\n\t<option value='https:\/\/afbpo.fr\/nl\/2026\/01\/'> januari 2026 &nbsp;(3)<\/option>\n\t<option value='https:\/\/afbpo.fr\/nl\/2025\/11\/'> november 2025 &nbsp;(2)<\/option>\n\t<option value='https:\/\/afbpo.fr\/nl\/2025\/09\/'> september 2025 &nbsp;(1)<\/option>\n\t<option value='https:\/\/afbpo.fr\/nl\/2025\/08\/'> augustus 2025 &nbsp;(1)<\/option>\n\t<option value='https:\/\/afbpo.fr\/nl\/2025\/07\/'> juli 2025 &nbsp;(1)<\/option>\n\t<option value='https:\/\/afbpo.fr\/nl\/2025\/06\/'> juni 2025 &nbsp;(4)<\/option>\n\t<option value='https:\/\/afbpo.fr\/nl\/2025\/04\/'> april 2025 &nbsp;(1)<\/option>\n\t<option value='https:\/\/afbpo.fr\/nl\/2025\/03\/'> maart 2025 &nbsp;(2)<\/option>\n\t<option value='https:\/\/afbpo.fr\/nl\/2025\/01\/'> januari 2025 &nbsp;(2)<\/option>\n\t<option value='https:\/\/afbpo.fr\/nl\/2024\/11\/'> november 2024 &nbsp;(2)<\/option>\n\t<option value='https:\/\/afbpo.fr\/nl\/2024\/10\/'> oktober 2024 &nbsp;(1)<\/option>\n\t<option value='https:\/\/afbpo.fr\/nl\/2024\/09\/'> september 2024 &nbsp;(6)<\/option>\n\t<option value='https:\/\/afbpo.fr\/nl\/2024\/08\/'> augustus 2024 &nbsp;(2)<\/option>\n\t<option value='https:\/\/afbpo.fr\/nl\/2024\/07\/'> juli 2024 &nbsp;(2)<\/option>\n\t<option value='https:\/\/afbpo.fr\/nl\/2024\/06\/'> juni 2024 &nbsp;(2)<\/option>\n\t<option value='https:\/\/afbpo.fr\/nl\/2024\/05\/'> mei 2024 &nbsp;(1)<\/option>\n\t<option value='https:\/\/afbpo.fr\/nl\/2024\/03\/'> maart 2024 &nbsp;(3)<\/option>\n\t<option value='https:\/\/afbpo.fr\/nl\/2024\/02\/'> februari 2024 &nbsp;(1)<\/option>\n\t<option value='https:\/\/afbpo.fr\/nl\/2024\/01\/'> januari 2024 &nbsp;(2)<\/option>\n\t<option value='https:\/\/afbpo.fr\/nl\/2023\/11\/'> november 2023 &nbsp;(1)<\/option>\n\t<option value='https:\/\/afbpo.fr\/nl\/2023\/09\/'> september 2023 &nbsp;(1)<\/option>\n\t<option value='https:\/\/afbpo.fr\/nl\/2023\/08\/'> augustus 2023 &nbsp;(1)<\/option>\n\t<option value='https:\/\/afbpo.fr\/nl\/2023\/07\/'> juli 2023 &nbsp;(2)<\/option>\n\t<option value='https:\/\/afbpo.fr\/nl\/2023\/06\/'> juni 2023 &nbsp;(1)<\/option>\n\t<option value='https:\/\/afbpo.fr\/nl\/2023\/05\/'> mei 2023 &nbsp;(1)<\/option>\n\t<option value='https:\/\/afbpo.fr\/nl\/2022\/09\/'> september 2022 &nbsp;(1)<\/option>\n\t<option value='https:\/\/afbpo.fr\/nl\/2022\/07\/'> juli 2022 &nbsp;(1)<\/option>\n<\/select><script>\n( ( [ dropdownId, homeUrl ] ) => {\n\t\tconst dropdown = document.getElementById( dropdownId );\n\t\tfunction onSelectChange() {\n\t\t\tsetTimeout( () => {\n\t\t\t\tif ( 'escape' === dropdown.dataset.lastkey ) {\n\t\t\t\t\treturn;\n\t\t\t\t}\n\t\t\t\tif ( dropdown.value ) {\n\t\t\t\t\tlocation.href = dropdown.value;\n\t\t\t\t}\n\t\t\t}, 250 );\n\t\t}\n\t\tfunction onKeyUp( event ) {\n\t\t\tif ( 'Escape' === event.key ) {\n\t\t\t\tdropdown.dataset.lastkey = 'escape';\n\t\t\t} else {\n\t\t\t\tdelete dropdown.dataset.lastkey;\n\t\t\t}\n\t\t}\n\t\tfunction onClick() {\n\t\t\tdelete dropdown.dataset.lastkey;\n\t\t}\n\t\tdropdown.addEventListener( 'keyup', onKeyUp );\n\t\tdropdown.addEventListener( 'click', onClick );\n\t\tdropdown.addEventListener( 'change', onSelectChange );\n\t} )( [\"wp-block-archives-1\",\"https:\/\/afbpo.fr\/nl\"] );\n\/\/# sourceURL=block_core_archives_build_dropdown_script\n<\/script>\n<\/div><\/div><\/div>\n<\/div><\/div>\n","protected":false},"excerpt":{"rendered":"","protected":false},"author":1,"featured_media":0,"parent":0,"menu_order":0,"comment_status":"closed","ping_status":"closed","template":"","meta":{"footnotes":""},"class_list":["post-1124","page","type-page","status-publish","hentry","entry"],"yoast_head":"<!-- This site is optimized with the Yoast SEO plugin v27.5 - https:\/\/yoast.com\/product\/yoast-seo-wordpress\/ -->\n<title>Archives - Amicale Franco-Belge des Pyr\u00e9n\u00e9es Orientales<\/title>\n<meta name=\"robots\" content=\"index, follow, max-snippet:-1, max-image-preview:large, max-video-preview:-1\" \/>\n<link rel=\"canonical\" href=\"https:\/\/afbpo.fr\/nl\/archives\/\" \/>\n<meta property=\"og:locale\" content=\"nl_BE\" \/>\n<meta property=\"og:type\" content=\"article\" \/>\n<meta property=\"og:title\" content=\"Archives - Amicale Franco-Belge des Pyr\u00e9n\u00e9es Orientales\" \/>\n<meta property=\"og:url\" content=\"https:\/\/afbpo.fr\/nl\/archives\/\" \/>\n<meta property=\"og:site_name\" content=\"Amicale Franco-Belge des Pyr\u00e9n\u00e9es Orientales\" \/>\n<meta property=\"article:publisher\" content=\"https:\/\/www.facebook.com\/profile.php?id=100064649307304\" \/>\n<meta property=\"article:modified_time\" content=\"2024-03-06T19:56:45+00:00\" \/>\n<meta name=\"twitter:card\" content=\"summary_large_image\" \/>\n<script type=\"application\/ld+json\" class=\"yoast-schema-graph\">{\"@context\":\"https:\\\/\\\/schema.org\",\"@graph\":[{\"@type\":\"WebPage\",\"@id\":\"https:\\\/\\\/afbpo.fr\\\/archives\\\/\",\"url\":\"https:\\\/\\\/afbpo.fr\\\/archives\\\/\",\"name\":\"Archives - Amicale Franco-Belge des Pyr\u00e9n\u00e9es Orientales\",\"isPartOf\":{\"@id\":\"https:\\\/\\\/afbpo.fr\\\/#website\"},\"datePublished\":\"2024-02-27T15:59:00+00:00\",\"dateModified\":\"2024-03-06T19:56:45+00:00\",\"breadcrumb\":{\"@id\":\"https:\\\/\\\/afbpo.fr\\\/archives\\\/#breadcrumb\"},\"inLanguage\":\"nl-BE\",\"potentialAction\":[{\"@type\":\"ReadAction\",\"target\":[\"https:\\\/\\\/afbpo.fr\\\/archives\\\/\"]}]},{\"@type\":\"BreadcrumbList\",\"@id\":\"https:\\\/\\\/afbpo.fr\\\/archives\\\/#breadcrumb\",\"itemListElement\":[{\"@type\":\"ListItem\",\"position\":1,\"name\":\"Home\",\"item\":\"https:\\\/\\\/afbpo.fr\\\/\"},{\"@type\":\"ListItem\",\"position\":2,\"name\":\"Archives\"}]},{\"@type\":\"WebSite\",\"@id\":\"https:\\\/\\\/afbpo.fr\\\/#website\",\"url\":\"https:\\\/\\\/afbpo.fr\\\/\",\"name\":\"Amicale Franco-Belge des Pyr\u00e9n\u00e9es Orientales\",\"description\":\"Ouverte \u00e0 tous les belges, fran\u00e7ais, et autres sympathisants du D\u00e9partement des Pyr\u00e9n\u00e9es Orientales\",\"publisher\":{\"@id\":\"https:\\\/\\\/afbpo.fr\\\/#organization\"},\"potentialAction\":[{\"@type\":\"SearchAction\",\"target\":{\"@type\":\"EntryPoint\",\"urlTemplate\":\"https:\\\/\\\/afbpo.fr\\\/?s={search_term_string}\"},\"query-input\":{\"@type\":\"PropertyValueSpecification\",\"valueRequired\":true,\"valueName\":\"search_term_string\"}}],\"inLanguage\":\"nl-BE\"},{\"@type\":\"Organization\",\"@id\":\"https:\\\/\\\/afbpo.fr\\\/#organization\",\"name\":\"Amicale Franco-Belge des Pyr\u00e9n\u00e9es Orientales\",\"url\":\"https:\\\/\\\/afbpo.fr\\\/\",\"logo\":{\"@type\":\"ImageObject\",\"inLanguage\":\"nl-BE\",\"@id\":\"https:\\\/\\\/afbpo.fr\\\/#\\\/schema\\\/logo\\\/image\\\/\",\"url\":\"https:\\\/\\\/afbpo.fr\\\/wp-content\\\/uploads\\\/2024\\\/02\\\/afbpo-logo.png\",\"contentUrl\":\"https:\\\/\\\/afbpo.fr\\\/wp-content\\\/uploads\\\/2024\\\/02\\\/afbpo-logo.png\",\"width\":570,\"height\":258,\"caption\":\"Amicale Franco-Belge des Pyr\u00e9n\u00e9es Orientales\"},\"image\":{\"@id\":\"https:\\\/\\\/afbpo.fr\\\/#\\\/schema\\\/logo\\\/image\\\/\"},\"sameAs\":[\"https:\\\/\\\/www.facebook.com\\\/profile.php?id=100064649307304\"]}]}<\/script>\n<!-- \/ Yoast SEO plugin. -->","yoast_head_json":{"title":"Archief - Frans-Belgische Vereniging van Pyr\u00e9n\u00e9es Orientales","robots":{"index":"index","follow":"follow","max-snippet":"max-snippet:-1","max-image-preview":"max-image-preview:large","max-video-preview":"max-video-preview:-1"},"canonical":"https:\/\/afbpo.fr\/nl\/archives\/","og_locale":"nl_BE","og_type":"article","og_title":"Archives - Amicale Franco-Belge des Pyr\u00e9n\u00e9es Orientales","og_url":"https:\/\/afbpo.fr\/nl\/archives\/","og_site_name":"Amicale Franco-Belge des Pyr\u00e9n\u00e9es Orientales","article_publisher":"https:\/\/www.facebook.com\/profile.php?id=100064649307304","article_modified_time":"2024-03-06T19:56:45+00:00","twitter_card":"summary_large_image","schema":{"@context":"https:\/\/schema.org","@graph":[{"@type":"WebPage","@id":"https:\/\/afbpo.fr\/archives\/","url":"https:\/\/afbpo.fr\/archives\/","name":"Archief - Frans-Belgische Vereniging van Pyr\u00e9n\u00e9es Orientales","isPartOf":{"@id":"https:\/\/afbpo.fr\/#website"},"datePublished":"2024-02-27T15:59:00+00:00","dateModified":"2024-03-06T19:56:45+00:00","breadcrumb":{"@id":"https:\/\/afbpo.fr\/archives\/#breadcrumb"},"inLanguage":"nl-BE","potentialAction":[{"@type":"ReadAction","target":["https:\/\/afbpo.fr\/archives\/"]}]},{"@type":"BreadcrumbList","@id":"https:\/\/afbpo.fr\/archives\/#breadcrumb","itemListElement":[{"@type":"ListItem","position":1,"name":"Home","item":"https:\/\/afbpo.fr\/"},{"@type":"ListItem","position":2,"name":"Archives"}]},{"@type":"WebSite","@id":"https:\/\/afbpo.fr\/#website","url":"https:\/\/afbpo.fr\/","name":"Amicale Franco-Belge des Pyr\u00e9n\u00e9es Orientales","description":"Open voor alle Belgen, Fransen en anderen\naanhangers van het departement Pyr\u00e9n\u00e9es Orientales","publisher":{"@id":"https:\/\/afbpo.fr\/#organization"},"potentialAction":[{"@type":"SearchAction","target":{"@type":"EntryPoint","urlTemplate":"https:\/\/afbpo.fr\/?s={search_term_string}"},"query-input":{"@type":"PropertyValueSpecification","valueRequired":true,"valueName":"search_term_string"}}],"inLanguage":"nl-BE"},{"@type":"Organization","@id":"https:\/\/afbpo.fr\/#organization","name":"Amicale Franco-Belge des Pyr\u00e9n\u00e9es Orientales","url":"https:\/\/afbpo.fr\/","logo":{"@type":"ImageObject","inLanguage":"nl-BE","@id":"https:\/\/afbpo.fr\/#\/schema\/logo\/image\/","url":"https:\/\/afbpo.fr\/wp-content\/uploads\/2024\/02\/afbpo-logo.png","contentUrl":"https:\/\/afbpo.fr\/wp-content\/uploads\/2024\/02\/afbpo-logo.png","width":570,"height":258,"caption":"Amicale Franco-Belge des Pyr\u00e9n\u00e9es Orientales"},"image":{"@id":"https:\/\/afbpo.fr\/#\/schema\/logo\/image\/"},"sameAs":["https:\/\/www.facebook.com\/profile.php?id=100064649307304"]}]}},"publishpress_future_action":{"enabled":false,"date":"2026-05-14 14:47:08","action":"change-status","newStatus":"draft","terms":[],"taxonomy":"","extraData":[]},"publishpress_future_workflow_manual_trigger":{"enabledWorkflows":[]},"_links":{"self":[{"href":"https:\/\/afbpo.fr\/nl\/wp-json\/wp\/v2\/pages\/1124","targetHints":{"allow":["GET"]}}],"collection":[{"href":"https:\/\/afbpo.fr\/nl\/wp-json\/wp\/v2\/pages"}],"about":[{"href":"https:\/\/afbpo.fr\/nl\/wp-json\/wp\/v2\/types\/page"}],"author":[{"embeddable":true,"href":"https:\/\/afbpo.fr\/nl\/wp-json\/wp\/v2\/users\/1"}],"replies":[{"embeddable":true,"href":"https:\/\/afbpo.fr\/nl\/wp-json\/wp\/v2\/comments?post=1124"}],"version-history":[{"count":8,"href":"https:\/\/afbpo.fr\/nl\/wp-json\/wp\/v2\/pages\/1124\/revisions"}],"predecessor-version":[{"id":1325,"href":"https:\/\/afbpo.fr\/nl\/wp-json\/wp\/v2\/pages\/1124\/revisions\/1325"}],"wp:attachment":[{"href":"https:\/\/afbpo.fr\/nl\/wp-json\/wp\/v2\/media?parent=1124"}],"curies":[{"name":"wp","href":"https:\/\/api.w.org\/{rel}","templated":true}]}}