{"id":1886,"date":"2024-04-22T07:58:26","date_gmt":"2024-04-22T05:58:26","guid":{"rendered":"https:\/\/afbpo.fr\/login\/"},"modified":"2024-04-22T14:06:00","modified_gmt":"2024-04-22T12:06:00","slug":"connexion","status":"publish","type":"page","link":"https:\/\/afbpo.fr\/nl\/connexion\/","title":{"rendered":"Inloggen"},"content":{"rendered":"<div class=\"um um-login um-1757\">\n\t<div class=\"um-form\">\n\t\t<form method=\"post\" action=\"\" autocomplete=\"off\" data-trp-original-action=\"\">\n\t\t\t<div class=\"um-row _um_row_1\" style=\"margin: 0 0 30px 0;\"><div class=\"um-col-1\"><div  id=\"um_field_1757_username\" class=\"um-field um-field-text  um-field-username um-field-text um-field-type_text\" data-key=\"username\"><div class=\"um-field-label\"><label for=\"username-1757\">Gebruikersnaam of email<span class=\"um-req\" title=\"Vereist\">*<\/span><\/label><div class=\"um-clear\"><\/div><\/div><div class=\"um-field-area\"><input  autocomplete=\"off\" class=\"um-form-field valid\" type=\"text\" name=\"username-1757\" id=\"username-1757\" value=\"\" placeholder=\"\" data-validate=\"unique_username_or_email\" data-key=\"username\"  aria-invalid=\"false\" \/>\n\n\t\t\t\t\t\t<\/div><\/div><div  id=\"um_field_1757_user_password\" class=\"um-field um-field-password  um-field-user_password um-field-password um-field-type_password\" data-key=\"user_password\"><div class=\"um-field-label\"><label for=\"user_password-1757\">Wachtwoord<span class=\"um-req\" title=\"Vereist\">*<\/span><\/label><div class=\"um-clear\"><\/div><\/div><div class=\"um-field-area\"><div class=\"um-field-area-password\">\n\t\t\t\t\t\t\t\t\t<input class=\"um-form-field valid\" type=\"password\" name=\"user_password-1757\" id=\"user_password-1757\" value=\"\" placeholder=\"\" data-validate=\"\" data-key=\"user_password\"  aria-invalid=\"false\" \/>\n\t\t\t\t\t\t\t\t\t<span class=\"um-toggle-password\"><i class=\"um-icon-eye\"><\/i><\/span>\n\t\t\t\t\t\t\t\t<\/div>\n\t\t\t\t\t\t\t<\/div><\/div><\/div><\/div>\t<input type=\"hidden\" name=\"form_id\" id=\"form_id_1757\" value=\"1757\" \/>\n\t\t<p class=\"um_request_name\">\n\t\t<label for=\"um_request_1757\">Alleen invullen als u geen mens bent<\/label>\n\t\t<input type=\"hidden\" name=\"um_request\" id=\"um_request_1757\" class=\"input\" value=\"\" size=\"25\" autocomplete=\"off\" \/>\n\t<\/p>\n\t<input type=\"hidden\" id=\"_wpnonce\" name=\"_wpnonce\" value=\"a35164469a\" \/><input type=\"hidden\" name=\"_wp_http_referer\" value=\"\/nl\/wp-json\/wp\/v2\/pages\/1886\" \/>\n<div class=\"g-recaptcha\" id=\"um-1757\" data-mode=\"login\"><\/div>\n\n\n\t<div class=\"um-col-alt\">\n\n\t\t\n\n\t\t\t<div class=\"um-field um-field-c\">\n\t\t\t\t<div class=\"um-field-area\">\n\t\t\t\t\t<label class=\"um-field-checkbox\">\n\t\t\t\t\t\t<input type=\"checkbox\" name=\"rememberme\" value=\"1\"  \/>\n\t\t\t\t\t\t<span class=\"um-field-checkbox-state\"><i class=\"um-icon-android-checkbox-outline-blank\"><\/i><\/span>\n\t\t\t\t\t\t<span class=\"um-field-checkbox-option\"> Houd mij aangemeld<\/span>\n\t\t\t\t\t<\/label>\n\t\t\t\t<\/div>\n\t\t\t<\/div>\n\n\t\t\t\t\t\t<div class=\"um-clear\"><\/div>\n\t\t\n\t\t\t<div class=\"um-center\">\n\t\t\t\t<input type=\"submit\" value=\"Inloggen\" class=\"um-button\" id=\"um-submit-btn\" \/>\n\t\t\t<\/div>\n\n\t\t\n\t\t<div class=\"um-clear\"><\/div>\n\n\t<\/div>\n\n\t\n\t<div class=\"um-col-alt-b\">\n\t\t<a href=\"https:\/\/afbpo.fr\/nl\/password-reset\/\" class=\"um-link-alt\">\n\t\t\tWachtwoord vergeten?\t\t<\/a>\n\t<\/div>\n\n\t\t\t<input type=\"hidden\" name=\"trp-form-language\" value=\"nl\"\/><\/form>\n\t<\/div>\n<\/div>\n<style>\n\t\t\t.um-1757.um {\n\t\t\tmax-width: 450px;\n\t\t}\n\t\t<\/style>","protected":false},"excerpt":{"rendered":"","protected":false},"author":1,"featured_media":0,"parent":0,"menu_order":0,"comment_status":"closed","ping_status":"closed","template":"","meta":{"footnotes":""},"class_list":["post-1886","page","type-page","status-publish","hentry","entry"],"yoast_head":"<!-- This site is optimized with the Yoast SEO plugin v27.5 - https:\/\/yoast.com\/product\/yoast-seo-wordpress\/ -->\n<title>Connexion - Amicale Franco-Belge des Pyr\u00e9n\u00e9es Orientales<\/title>\n<meta name=\"robots\" content=\"index, follow, max-snippet:-1, max-image-preview:large, max-video-preview:-1\" \/>\n<link rel=\"canonical\" href=\"https:\/\/afbpo.fr\/nl\/connexion\/\" \/>\n<meta property=\"og:locale\" content=\"nl_BE\" \/>\n<meta property=\"og:type\" content=\"article\" \/>\n<meta property=\"og:title\" content=\"Connexion - Amicale Franco-Belge des Pyr\u00e9n\u00e9es Orientales\" \/>\n<meta property=\"og:url\" content=\"https:\/\/afbpo.fr\/nl\/connexion\/\" \/>\n<meta property=\"og:site_name\" content=\"Amicale Franco-Belge des Pyr\u00e9n\u00e9es Orientales\" \/>\n<meta property=\"article:publisher\" content=\"https:\/\/www.facebook.com\/profile.php?id=100064649307304\" \/>\n<meta property=\"article:modified_time\" content=\"2024-04-22T12:06:00+00:00\" \/>\n<meta name=\"twitter:card\" content=\"summary_large_image\" \/>\n<meta name=\"twitter:label1\" content=\"Geschatte leestijd\" \/>\n\t<meta name=\"twitter:data1\" content=\"1 minuut\" \/>\n<script type=\"application\/ld+json\" class=\"yoast-schema-graph\">{\"@context\":\"https:\\\/\\\/schema.org\",\"@graph\":[{\"@type\":\"WebPage\",\"@id\":\"https:\\\/\\\/afbpo.fr\\\/connexion\\\/\",\"url\":\"https:\\\/\\\/afbpo.fr\\\/connexion\\\/\",\"name\":\"Connexion - Amicale Franco-Belge des Pyr\u00e9n\u00e9es Orientales\",\"isPartOf\":{\"@id\":\"https:\\\/\\\/afbpo.fr\\\/#website\"},\"datePublished\":\"2024-04-22T05:58:26+00:00\",\"dateModified\":\"2024-04-22T12:06:00+00:00\",\"breadcrumb\":{\"@id\":\"https:\\\/\\\/afbpo.fr\\\/connexion\\\/#breadcrumb\"},\"inLanguage\":\"nl-BE\",\"potentialAction\":[{\"@type\":\"ReadAction\",\"target\":[\"https:\\\/\\\/afbpo.fr\\\/connexion\\\/\"]}]},{\"@type\":\"BreadcrumbList\",\"@id\":\"https:\\\/\\\/afbpo.fr\\\/connexion\\\/#breadcrumb\",\"itemListElement\":[{\"@type\":\"ListItem\",\"position\":1,\"name\":\"Home\",\"item\":\"https:\\\/\\\/afbpo.fr\\\/\"},{\"@type\":\"ListItem\",\"position\":2,\"name\":\"Connexion\"}]},{\"@type\":\"WebSite\",\"@id\":\"https:\\\/\\\/afbpo.fr\\\/#website\",\"url\":\"https:\\\/\\\/afbpo.fr\\\/\",\"name\":\"Amicale Franco-Belge des Pyr\u00e9n\u00e9es Orientales\",\"description\":\"Ouverte \u00e0 tous les belges, fran\u00e7ais, et autres sympathisants du D\u00e9partement des Pyr\u00e9n\u00e9es Orientales\",\"publisher\":{\"@id\":\"https:\\\/\\\/afbpo.fr\\\/#organization\"},\"potentialAction\":[{\"@type\":\"SearchAction\",\"target\":{\"@type\":\"EntryPoint\",\"urlTemplate\":\"https:\\\/\\\/afbpo.fr\\\/?s={search_term_string}\"},\"query-input\":{\"@type\":\"PropertyValueSpecification\",\"valueRequired\":true,\"valueName\":\"search_term_string\"}}],\"inLanguage\":\"nl-BE\"},{\"@type\":\"Organization\",\"@id\":\"https:\\\/\\\/afbpo.fr\\\/#organization\",\"name\":\"Amicale Franco-Belge des Pyr\u00e9n\u00e9es Orientales\",\"url\":\"https:\\\/\\\/afbpo.fr\\\/\",\"logo\":{\"@type\":\"ImageObject\",\"inLanguage\":\"nl-BE\",\"@id\":\"https:\\\/\\\/afbpo.fr\\\/#\\\/schema\\\/logo\\\/image\\\/\",\"url\":\"https:\\\/\\\/afbpo.fr\\\/wp-content\\\/uploads\\\/2024\\\/02\\\/afbpo-logo.png\",\"contentUrl\":\"https:\\\/\\\/afbpo.fr\\\/wp-content\\\/uploads\\\/2024\\\/02\\\/afbpo-logo.png\",\"width\":570,\"height\":258,\"caption\":\"Amicale Franco-Belge des Pyr\u00e9n\u00e9es Orientales\"},\"image\":{\"@id\":\"https:\\\/\\\/afbpo.fr\\\/#\\\/schema\\\/logo\\\/image\\\/\"},\"sameAs\":[\"https:\\\/\\\/www.facebook.com\\\/profile.php?id=100064649307304\"]}]}<\/script>\n<!-- \/ Yoast SEO plugin. -->","yoast_head_json":{"title":"Verbinding - Frans-Belgische Vereniging van Pyr\u00e9n\u00e9es Orientales","robots":{"index":"index","follow":"follow","max-snippet":"max-snippet:-1","max-image-preview":"max-image-preview:large","max-video-preview":"max-video-preview:-1"},"canonical":"https:\/\/afbpo.fr\/nl\/connexion\/","og_locale":"nl_BE","og_type":"article","og_title":"Connexion - Amicale Franco-Belge des Pyr\u00e9n\u00e9es Orientales","og_url":"https:\/\/afbpo.fr\/nl\/connexion\/","og_site_name":"Amicale Franco-Belge des Pyr\u00e9n\u00e9es Orientales","article_publisher":"https:\/\/www.facebook.com\/profile.php?id=100064649307304","article_modified_time":"2024-04-22T12:06:00+00:00","twitter_card":"summary_large_image","twitter_misc":{"Geschatte leestijd":"1 minuut"},"schema":{"@context":"https:\/\/schema.org","@graph":[{"@type":"WebPage","@id":"https:\/\/afbpo.fr\/connexion\/","url":"https:\/\/afbpo.fr\/connexion\/","name":"Verbinding - Frans-Belgische Vereniging van Pyr\u00e9n\u00e9es Orientales","isPartOf":{"@id":"https:\/\/afbpo.fr\/#website"},"datePublished":"2024-04-22T05:58:26+00:00","dateModified":"2024-04-22T12:06:00+00:00","breadcrumb":{"@id":"https:\/\/afbpo.fr\/connexion\/#breadcrumb"},"inLanguage":"nl-BE","potentialAction":[{"@type":"ReadAction","target":["https:\/\/afbpo.fr\/connexion\/"]}]},{"@type":"BreadcrumbList","@id":"https:\/\/afbpo.fr\/connexion\/#breadcrumb","itemListElement":[{"@type":"ListItem","position":1,"name":"Home","item":"https:\/\/afbpo.fr\/"},{"@type":"ListItem","position":2,"name":"Connexion"}]},{"@type":"WebSite","@id":"https:\/\/afbpo.fr\/#website","url":"https:\/\/afbpo.fr\/","name":"Amicale Franco-Belge des Pyr\u00e9n\u00e9es Orientales","description":"Open voor alle Belgen, Fransen en anderen\naanhangers van het departement Pyr\u00e9n\u00e9es Orientales","publisher":{"@id":"https:\/\/afbpo.fr\/#organization"},"potentialAction":[{"@type":"SearchAction","target":{"@type":"EntryPoint","urlTemplate":"https:\/\/afbpo.fr\/?s={search_term_string}"},"query-input":{"@type":"PropertyValueSpecification","valueRequired":true,"valueName":"search_term_string"}}],"inLanguage":"nl-BE"},{"@type":"Organization","@id":"https:\/\/afbpo.fr\/#organization","name":"Amicale Franco-Belge des Pyr\u00e9n\u00e9es Orientales","url":"https:\/\/afbpo.fr\/","logo":{"@type":"ImageObject","inLanguage":"nl-BE","@id":"https:\/\/afbpo.fr\/#\/schema\/logo\/image\/","url":"https:\/\/afbpo.fr\/wp-content\/uploads\/2024\/02\/afbpo-logo.png","contentUrl":"https:\/\/afbpo.fr\/wp-content\/uploads\/2024\/02\/afbpo-logo.png","width":570,"height":258,"caption":"Amicale Franco-Belge des Pyr\u00e9n\u00e9es Orientales"},"image":{"@id":"https:\/\/afbpo.fr\/#\/schema\/logo\/image\/"},"sameAs":["https:\/\/www.facebook.com\/profile.php?id=100064649307304"]}]}},"publishpress_future_action":{"enabled":false,"date":"2026-05-14 14:47:37","action":"change-status","newStatus":"draft","terms":[],"taxonomy":"","extraData":[]},"publishpress_future_workflow_manual_trigger":{"enabledWorkflows":[]},"_links":{"self":[{"href":"https:\/\/afbpo.fr\/nl\/wp-json\/wp\/v2\/pages\/1886","targetHints":{"allow":["GET"]}}],"collection":[{"href":"https:\/\/afbpo.fr\/nl\/wp-json\/wp\/v2\/pages"}],"about":[{"href":"https:\/\/afbpo.fr\/nl\/wp-json\/wp\/v2\/types\/page"}],"author":[{"embeddable":true,"href":"https:\/\/afbpo.fr\/nl\/wp-json\/wp\/v2\/users\/1"}],"replies":[{"embeddable":true,"href":"https:\/\/afbpo.fr\/nl\/wp-json\/wp\/v2\/comments?post=1886"}],"version-history":[{"count":1,"href":"https:\/\/afbpo.fr\/nl\/wp-json\/wp\/v2\/pages\/1886\/revisions"}],"predecessor-version":[{"id":1899,"href":"https:\/\/afbpo.fr\/nl\/wp-json\/wp\/v2\/pages\/1886\/revisions\/1899"}],"wp:attachment":[{"href":"https:\/\/afbpo.fr\/nl\/wp-json\/wp\/v2\/media?parent=1886"}],"curies":[{"name":"wp","href":"https:\/\/api.w.org\/{rel}","templated":true}]}}