{"id":3,"date":"2023-11-08T16:25:17","date_gmt":"2023-11-08T15:25:17","guid":{"rendered":"https:\/\/afbpo.fr\/?page_id=3"},"modified":"2024-02-10T21:49:29","modified_gmt":"2024-02-10T20:49:29","slug":"politique-de-confidentialite","status":"publish","type":"page","link":"https:\/\/afbpo.fr\/nl\/politique-de-confidentialite\/","title":{"rendered":"Privacybeleid"},"content":{"rendered":"<h2 class=\"wp-block-heading\">Wie zijn we ?<\/h2>\n\n\n\n<p>Het adres van onze site is: https:\/\/afbpo.fr.<\/p>\n\n\n\n<h2 class=\"wp-block-heading\">Opmerkingen<\/h2>\n\n\n\n<p>Wanneer u een reactie achterlaat op onze site, worden de gegevens die u in het reactieformulier invoert, evenals uw IP-adres en de user-agent van uw browser verzameld om ons te helpen ongewenste reacties te detecteren.<\/p>\n\n\n\n<p>Er kan een geanonimiseerde string, gemaakt op basis van uw e-mailadres (ook wel een hash genoemd), naar de Gravatar-service worden gestuurd om te controleren of u deze gebruikt. De vertrouwelijkheidsbepalingen van de Gravatar-service zijn hier beschikbaar: https:\/\/automattic.com\/privacy\/. Na validatie van uw reactie zal uw profielfoto publiekelijk zichtbaar zijn naast uw reactie.<\/p>\n\n\n\n<h2 class=\"wp-block-heading\">Media<\/h2>\n\n\n\n<p>Als u afbeeldingen naar de site uploadt, raden wij u aan geen afbeeldingen te uploaden die EXIF GPS-co\u00f6rdinatengegevens bevatten. Mensen die uw site bezoeken, kunnen locatiegegevens uit deze afbeeldingen downloaden en extraheren.<\/p>\n\n\n\n<h2 class=\"wp-block-heading\">Koekjes<\/h2>\n\n\n\n<p>Als u een reactie achterlaat op onze site, wordt u mogelijk gevraagd uw naam, e-mailadres en website in cookies op te slaan. Dit is alleen voor uw gemak, zodat u deze gegevens niet hoeft in te vullen als u later nog een reactie achterlaat. Deze cookies vervallen na \u00e9\u00e9n jaar.<\/p>\n\n\n\n<p>Als u naar de inlogpagina gaat, wordt er een tijdelijke cookie aangemaakt om te bepalen of uw browser cookies accepteert. Het bevat geen persoonlijke gegevens en wordt automatisch verwijderd wanneer u uw browser sluit.<\/p>\n\n\n\n<p>Wanneer u inlogt, plaatsen wij een aantal cookies om uw inloggegevens en schermvoorkeuren op te slaan. De levensduur van een verbindingscookie is twee dagen, die van een schermoptiecookie \u00e9\u00e9n jaar. Als u \u201cOnthoud mij\u201d aanvinkt, wordt uw login-cookie twee weken bewaard. Als u uitlogt bij uw account, wordt de login-cookie verwijderd.<\/p>\n\n\n\n<p>Als u een bericht bewerkt of publiceert, wordt er een extra cookie in uw browser opgeslagen. Deze cookie bevat geen persoonlijke gegevens. Het toont eenvoudigweg de ID van het bericht dat je zojuist hebt bewerkt. Deze vervalt na \u00e9\u00e9n dag.<\/p>\n\n\n\n<h2 class=\"wp-block-heading\">Inhoud die is ingesloten vanaf andere sites<\/h2>\n\n\n\n<p>Artikelen op deze site kunnen ingesloten inhoud bevatten (bijvoorbeeld video&#039;s, afbeeldingen, artikelen, enz.). Inhoud die is ingesloten vanaf andere sites gedraagt zich hetzelfde alsof de bezoeker naar die andere site zou gaan.<\/p>\n\n\n\n<p>Deze websites kunnen gegevens over u verzamelen, cookies gebruiken, trackingtools van derden insluiten en uw interacties met deze ingesloten inhoud volgen als u een account heeft dat aan hun website is gekoppeld.<\/p>\n\n\n\n<h2 class=\"wp-block-heading\">Gebruik en overdracht van uw persoonlijke gegevens<\/h2>\n\n\n\n<p>Als u een wachtwoordreset aanvraagt, wordt uw IP-adres opgenomen in de reset-e-mail.<\/p>\n\n\n\n<h2 class=\"wp-block-heading\">Bewaartijden voor uw gegevens<\/h2>\n\n\n\n<p>Als u een reactie achterlaat, worden de reactie en de metagegevens ervan voor onbepaalde tijd bewaard. Hierdoor kunnen daaropvolgende reacties automatisch worden herkend en goedgekeurd, in plaats van dat ze in de moderatiewachtrij blijven staan.<\/p>\n\n\n\n<p>Voor accounts die zich op onze site registreren (indien van toepassing), slaan we ook de persoonlijke gegevens op die in hun profiel staan vermeld. Alle accounts kunnen op elk moment hun persoonlijke gegevens bekijken, bewerken of verwijderen (behalve hun gebruikersnaam). Locatiebeheerders kunnen deze informatie ook bekijken en wijzigen.<\/p>\n\n\n\n<h2 class=\"wp-block-heading\">De rechten die u heeft over uw gegevens<\/h2>\n\n\n\n<p>Als u een account heeft of reacties op de site heeft achtergelaten, kunt u verzoeken om een bestand met alle persoonlijke gegevens die we over u hebben, inclusief de gegevens die u aan ons heeft verstrekt. U kunt ook verzoeken om de verwijdering van persoonlijke gegevens die op u betrekking hebben. Hierbij wordt geen rekening gehouden met gegevens die zijn opgeslagen voor administratieve, wettelijke of veiligheidsdoeleinden.<\/p>\n\n\n\n<h2 class=\"wp-block-heading\">Waar uw gegevens naartoe worden verzonden<\/h2>\n\n\n\n<p>Bezoekersreacties kunnen worden gecontroleerd met behulp van een geautomatiseerde detectieservice voor spamreacties.<\/p>","protected":false},"excerpt":{"rendered":"<p>Qui sommes-nous&nbsp;? L\u2019adresse de notre site est\u00a0: https:\/\/afbpo.fr. Commentaires Quand vous laissez un commentaire sur notre site, les donn\u00e9es inscrites dans le formulaire de commentaire, ainsi que votre adresse IP et l\u2019agent utilisateur de votre navigateur sont collect\u00e9s pour nous aider \u00e0 la d\u00e9tection des commentaires ind\u00e9sirables. Une cha\u00eene anonymis\u00e9e cr\u00e9\u00e9e \u00e0 partir de votre [&hellip;]<\/p>\n","protected":false},"author":1,"featured_media":0,"parent":0,"menu_order":0,"comment_status":"closed","ping_status":"open","template":"","meta":{"footnotes":""},"class_list":["post-3","page","type-page","status-publish","hentry","entry"],"yoast_head":"<!-- This site is optimized with the Yoast SEO plugin v27.5 - https:\/\/yoast.com\/product\/yoast-seo-wordpress\/ -->\n<title>Politique de confidentialit\u00e9 - Amicale Franco-Belge des Pyr\u00e9n\u00e9es Orientales<\/title>\n<meta name=\"robots\" content=\"index, follow, max-snippet:-1, max-image-preview:large, max-video-preview:-1\" \/>\n<link rel=\"canonical\" href=\"https:\/\/afbpo.fr\/nl\/politique-de-confidentialite\/\" \/>\n<meta property=\"og:locale\" content=\"nl_BE\" \/>\n<meta property=\"og:type\" content=\"article\" \/>\n<meta property=\"og:title\" content=\"Politique de confidentialit\u00e9 - Amicale Franco-Belge des Pyr\u00e9n\u00e9es Orientales\" \/>\n<meta property=\"og:description\" content=\"Qui sommes-nous&nbsp;? L\u2019adresse de notre site est\u00a0: https:\/\/afbpo.fr. Commentaires Quand vous laissez un commentaire sur notre site, les donn\u00e9es inscrites dans le formulaire de commentaire, ainsi que votre adresse IP et l\u2019agent utilisateur de votre navigateur sont collect\u00e9s pour nous aider \u00e0 la d\u00e9tection des commentaires ind\u00e9sirables. Une cha\u00eene anonymis\u00e9e cr\u00e9\u00e9e \u00e0 partir de votre [&hellip;]\" \/>\n<meta property=\"og:url\" content=\"https:\/\/afbpo.fr\/nl\/politique-de-confidentialite\/\" \/>\n<meta property=\"og:site_name\" content=\"Amicale Franco-Belge des Pyr\u00e9n\u00e9es Orientales\" \/>\n<meta property=\"article:publisher\" content=\"https:\/\/www.facebook.com\/profile.php?id=100064649307304\" \/>\n<meta property=\"article:modified_time\" content=\"2024-02-10T20:49:29+00:00\" \/>\n<meta name=\"twitter:card\" content=\"summary_large_image\" \/>\n<meta name=\"twitter:label1\" content=\"Geschatte leestijd\" \/>\n\t<meta name=\"twitter:data1\" content=\"4 minuten\" \/>\n<script type=\"application\/ld+json\" class=\"yoast-schema-graph\">{\"@context\":\"https:\\\/\\\/schema.org\",\"@graph\":[{\"@type\":\"WebPage\",\"@id\":\"https:\\\/\\\/afbpo.fr\\\/politique-de-confidentialite\\\/\",\"url\":\"https:\\\/\\\/afbpo.fr\\\/politique-de-confidentialite\\\/\",\"name\":\"Politique de confidentialit\u00e9 - Amicale Franco-Belge des Pyr\u00e9n\u00e9es Orientales\",\"isPartOf\":{\"@id\":\"https:\\\/\\\/afbpo.fr\\\/#website\"},\"datePublished\":\"2023-11-08T15:25:17+00:00\",\"dateModified\":\"2024-02-10T20:49:29+00:00\",\"breadcrumb\":{\"@id\":\"https:\\\/\\\/afbpo.fr\\\/politique-de-confidentialite\\\/#breadcrumb\"},\"inLanguage\":\"nl-BE\",\"potentialAction\":[{\"@type\":\"ReadAction\",\"target\":[\"https:\\\/\\\/afbpo.fr\\\/politique-de-confidentialite\\\/\"]}]},{\"@type\":\"BreadcrumbList\",\"@id\":\"https:\\\/\\\/afbpo.fr\\\/politique-de-confidentialite\\\/#breadcrumb\",\"itemListElement\":[{\"@type\":\"ListItem\",\"position\":1,\"name\":\"Home\",\"item\":\"https:\\\/\\\/afbpo.fr\\\/\"},{\"@type\":\"ListItem\",\"position\":2,\"name\":\"Politique de confidentialit\u00e9\"}]},{\"@type\":\"WebSite\",\"@id\":\"https:\\\/\\\/afbpo.fr\\\/#website\",\"url\":\"https:\\\/\\\/afbpo.fr\\\/\",\"name\":\"Amicale Franco-Belge des Pyr\u00e9n\u00e9es Orientales\",\"description\":\"Ouverte \u00e0 tous les belges, fran\u00e7ais, et autres sympathisants du D\u00e9partement des Pyr\u00e9n\u00e9es Orientales\",\"publisher\":{\"@id\":\"https:\\\/\\\/afbpo.fr\\\/#organization\"},\"potentialAction\":[{\"@type\":\"SearchAction\",\"target\":{\"@type\":\"EntryPoint\",\"urlTemplate\":\"https:\\\/\\\/afbpo.fr\\\/?s={search_term_string}\"},\"query-input\":{\"@type\":\"PropertyValueSpecification\",\"valueRequired\":true,\"valueName\":\"search_term_string\"}}],\"inLanguage\":\"nl-BE\"},{\"@type\":\"Organization\",\"@id\":\"https:\\\/\\\/afbpo.fr\\\/#organization\",\"name\":\"Amicale Franco-Belge des Pyr\u00e9n\u00e9es Orientales\",\"url\":\"https:\\\/\\\/afbpo.fr\\\/\",\"logo\":{\"@type\":\"ImageObject\",\"inLanguage\":\"nl-BE\",\"@id\":\"https:\\\/\\\/afbpo.fr\\\/#\\\/schema\\\/logo\\\/image\\\/\",\"url\":\"https:\\\/\\\/afbpo.fr\\\/wp-content\\\/uploads\\\/2024\\\/02\\\/afbpo-logo.png\",\"contentUrl\":\"https:\\\/\\\/afbpo.fr\\\/wp-content\\\/uploads\\\/2024\\\/02\\\/afbpo-logo.png\",\"width\":570,\"height\":258,\"caption\":\"Amicale Franco-Belge des Pyr\u00e9n\u00e9es Orientales\"},\"image\":{\"@id\":\"https:\\\/\\\/afbpo.fr\\\/#\\\/schema\\\/logo\\\/image\\\/\"},\"sameAs\":[\"https:\\\/\\\/www.facebook.com\\\/profile.php?id=100064649307304\"]}]}<\/script>\n<!-- \/ Yoast SEO plugin. -->","yoast_head_json":{"title":"Politique de confidentialit\u00e9 - Amicale Franco-Belge des Pyr\u00e9n\u00e9es Orientales","robots":{"index":"index","follow":"follow","max-snippet":"max-snippet:-1","max-image-preview":"max-image-preview:large","max-video-preview":"max-video-preview:-1"},"canonical":"https:\/\/afbpo.fr\/nl\/politique-de-confidentialite\/","og_locale":"nl_BE","og_type":"article","og_title":"Politique de confidentialit\u00e9 - Amicale Franco-Belge des Pyr\u00e9n\u00e9es Orientales","og_description":"Qui sommes-nous&nbsp;? L\u2019adresse de notre site est\u00a0: https:\/\/afbpo.fr. Commentaires Quand vous laissez un commentaire sur notre site, les donn\u00e9es inscrites dans le formulaire de commentaire, ainsi que votre adresse IP et l\u2019agent utilisateur de votre navigateur sont collect\u00e9s pour nous aider \u00e0 la d\u00e9tection des commentaires ind\u00e9sirables. Une cha\u00eene anonymis\u00e9e cr\u00e9\u00e9e \u00e0 partir de votre [&hellip;]","og_url":"https:\/\/afbpo.fr\/nl\/politique-de-confidentialite\/","og_site_name":"Amicale Franco-Belge des Pyr\u00e9n\u00e9es Orientales","article_publisher":"https:\/\/www.facebook.com\/profile.php?id=100064649307304","article_modified_time":"2024-02-10T20:49:29+00:00","twitter_card":"summary_large_image","twitter_misc":{"Geschatte leestijd":"4 minuten"},"schema":{"@context":"https:\/\/schema.org","@graph":[{"@type":"WebPage","@id":"https:\/\/afbpo.fr\/politique-de-confidentialite\/","url":"https:\/\/afbpo.fr\/politique-de-confidentialite\/","name":"Politique de confidentialit\u00e9 - Amicale Franco-Belge des Pyr\u00e9n\u00e9es Orientales","isPartOf":{"@id":"https:\/\/afbpo.fr\/#website"},"datePublished":"2023-11-08T15:25:17+00:00","dateModified":"2024-02-10T20:49:29+00:00","breadcrumb":{"@id":"https:\/\/afbpo.fr\/politique-de-confidentialite\/#breadcrumb"},"inLanguage":"nl-BE","potentialAction":[{"@type":"ReadAction","target":["https:\/\/afbpo.fr\/politique-de-confidentialite\/"]}]},{"@type":"BreadcrumbList","@id":"https:\/\/afbpo.fr\/politique-de-confidentialite\/#breadcrumb","itemListElement":[{"@type":"ListItem","position":1,"name":"Home","item":"https:\/\/afbpo.fr\/"},{"@type":"ListItem","position":2,"name":"Politique de confidentialit\u00e9"}]},{"@type":"WebSite","@id":"https:\/\/afbpo.fr\/#website","url":"https:\/\/afbpo.fr\/","name":"Amicale Franco-Belge des Pyr\u00e9n\u00e9es Orientales","description":"Open voor alle Belgen, Fransen en anderen\naanhangers van het departement Pyr\u00e9n\u00e9es Orientales","publisher":{"@id":"https:\/\/afbpo.fr\/#organization"},"potentialAction":[{"@type":"SearchAction","target":{"@type":"EntryPoint","urlTemplate":"https:\/\/afbpo.fr\/?s={search_term_string}"},"query-input":{"@type":"PropertyValueSpecification","valueRequired":true,"valueName":"search_term_string"}}],"inLanguage":"nl-BE"},{"@type":"Organization","@id":"https:\/\/afbpo.fr\/#organization","name":"Amicale Franco-Belge des Pyr\u00e9n\u00e9es Orientales","url":"https:\/\/afbpo.fr\/","logo":{"@type":"ImageObject","inLanguage":"nl-BE","@id":"https:\/\/afbpo.fr\/#\/schema\/logo\/image\/","url":"https:\/\/afbpo.fr\/wp-content\/uploads\/2024\/02\/afbpo-logo.png","contentUrl":"https:\/\/afbpo.fr\/wp-content\/uploads\/2024\/02\/afbpo-logo.png","width":570,"height":258,"caption":"Amicale Franco-Belge des Pyr\u00e9n\u00e9es Orientales"},"image":{"@id":"https:\/\/afbpo.fr\/#\/schema\/logo\/image\/"},"sameAs":["https:\/\/www.facebook.com\/profile.php?id=100064649307304"]}]}},"publishpress_future_action":{"enabled":false,"date":"2026-05-14 17:16:14","action":"change-status","newStatus":"draft","terms":[],"taxonomy":"","extraData":[]},"publishpress_future_workflow_manual_trigger":{"enabledWorkflows":[]},"_links":{"self":[{"href":"https:\/\/afbpo.fr\/nl\/wp-json\/wp\/v2\/pages\/3","targetHints":{"allow":["GET"]}}],"collection":[{"href":"https:\/\/afbpo.fr\/nl\/wp-json\/wp\/v2\/pages"}],"about":[{"href":"https:\/\/afbpo.fr\/nl\/wp-json\/wp\/v2\/types\/page"}],"author":[{"embeddable":true,"href":"https:\/\/afbpo.fr\/nl\/wp-json\/wp\/v2\/users\/1"}],"replies":[{"embeddable":true,"href":"https:\/\/afbpo.fr\/nl\/wp-json\/wp\/v2\/comments?post=3"}],"version-history":[{"count":0,"href":"https:\/\/afbpo.fr\/nl\/wp-json\/wp\/v2\/pages\/3\/revisions"}],"wp:attachment":[{"href":"https:\/\/afbpo.fr\/nl\/wp-json\/wp\/v2\/media?parent=3"}],"curies":[{"name":"wp","href":"https:\/\/api.w.org\/{rel}","templated":true}]}}