{"id":44,"date":"2024-02-10T21:40:43","date_gmt":"2024-02-10T20:40:43","guid":{"rendered":"https:\/\/afbpo.fr\/?page_id=44"},"modified":"2026-01-16T11:18:29","modified_gmt":"2026-01-16T10:18:29","slug":"histoire","status":"publish","type":"page","link":"https:\/\/afbpo.fr\/nl\/histoire\/","title":{"rendered":"Geschiedenis van onze amicale"},"content":{"rendered":"<p>Gedreven door de tragische gebeurtenissen van mei\/juni 1940 vonden een aantal Belgische vluchtelingen, die vervolgens naar de wegen van Frankrijk werden gestuurd, eindelijk hun toevlucht in dit gastvrije land dat het departement Pyr\u00e9n\u00e9es-Orientales heet. Dit mag niet vergeten worden\u2026 en de beweging was nu op gang! <\/p>\n\n\n\n<p>Hoeveel van onze landgenoten, aangetrokken door de Catalaanse gastvrijheid, de charme van de regio, de zon, de mensen, het berglandschap dat uitmondt in de &#039;grote blauwe zee&#039;, hebben zich daar na de oorlog en in de daaropvolgende decennia niet gevestigd?<\/p>\n\n\n\n<p>Begin 1991, toen steeds meer van onze landgenoten zich na hun pensionering in het rechtsgebied hadden gevestigd, stelde het Ministerie van Buitenlandse Zaken aan Louis Jaspers (oprichter van de vereniging en erevoorzitter) voor om de leiding over het ereconsulaat van Belgi\u00eb naar Perpignan op zich te nemen. . <\/p>\n\n\n<div class=\"wp-block-image\">\n<figure class=\"alignleft size-large is-resized\"><img loading=\"lazy\" decoding=\"async\" width=\"1024\" height=\"768\" src=\"https:\/\/afbpo.fr\/wp-content\/uploads\/2024\/02\/DSC05737-1024x768.jpg\" alt=\"\" class=\"wp-image-213\" style=\"width:289px;height:auto\" srcset=\"https:\/\/afbpo.fr\/wp-content\/uploads\/2024\/02\/DSC05737-1024x768.jpg 1024w, https:\/\/afbpo.fr\/wp-content\/uploads\/2024\/02\/DSC05737-300x225.jpg 300w, https:\/\/afbpo.fr\/wp-content\/uploads\/2024\/02\/DSC05737-768x576.jpg 768w, https:\/\/afbpo.fr\/wp-content\/uploads\/2024\/02\/DSC05737-1536x1152.jpg 1536w, https:\/\/afbpo.fr\/wp-content\/uploads\/2024\/02\/DSC05737-2048x1536.jpg 2048w, https:\/\/afbpo.fr\/wp-content\/uploads\/2024\/02\/DSC05737-1200x900.jpg 1200w\" sizes=\"auto, (max-width: 1024px) 100vw, 1024px\" \/><\/figure>\n<\/div>\n\n\n<p>Met de hulp van zijn vrouw Kanyange, benoemd tot vice-consul, was het doel landgenoten die zich in deze prachtige streek met een genereus klimaat wilden vestigen, te helpen en te adviseren.<\/p>\n\n\n\n<p>Na enkele maanden van prettige contacten, gekenmerkt door typisch Belgische gezelligheid, ontstond er een observatie en een verlangen om voor bepaalde gelegenheden in een soort \u201cfamilie\u201d terecht te komen. Er was ook de noodzaak om nieuwkomers te adviseren over installatieproblemen en relaties, niet alleen met de lokale autoriteiten, maar vooral ook over relaties met de Catalaanse buren.<\/p>\n\n\n<div class=\"wp-block-image\">\n<figure class=\"alignright size-full is-resized\"><img loading=\"lazy\" decoding=\"async\" width=\"1920\" height=\"2560\" src=\"https:\/\/afbpo.fr\/wp-content\/uploads\/2024\/02\/DSC05728-scaled.jpg\" alt=\"\" class=\"wp-image-210\" style=\"aspect-ratio:1;object-fit:cover;width:333px;height:auto\" srcset=\"https:\/\/afbpo.fr\/wp-content\/uploads\/2024\/02\/DSC05728-scaled.jpg 1920w, https:\/\/afbpo.fr\/wp-content\/uploads\/2024\/02\/DSC05728-225x300.jpg 225w, https:\/\/afbpo.fr\/wp-content\/uploads\/2024\/02\/DSC05728-768x1024.jpg 768w, https:\/\/afbpo.fr\/wp-content\/uploads\/2024\/02\/DSC05728-1152x1536.jpg 1152w, https:\/\/afbpo.fr\/wp-content\/uploads\/2024\/02\/DSC05728-1536x2048.jpg 1536w, https:\/\/afbpo.fr\/wp-content\/uploads\/2024\/02\/DSC05728-1200x1600.jpg 1200w\" sizes=\"auto, (max-width: 1920px) 100vw, 1920px\" \/><\/figure>\n<\/div>\n\n\n<p>Zo werd, na verschillende gedachtenwisselingen, een verzoek aan de bezoekers gedaan over de oprichting van een Belgische Onderlinge Hulpvereniging. Door de positieve reacties, sommigen zelfs enthousiast, werd afgesproken dat iedereen in zijn vriendenkring propagandist zou worden.<\/p>\n\n\n\n<p>Op het consulaat komt een commissie bijeen. Om onze kring en onze doelstellingen te verbreden, en de interesse van lokale overheden te wekken, werd besloten dat onze vereniging de naam zou krijgen: <strong>Amicale Franco-Belge des Pyr\u00e9n\u00e9es Orientales.<\/strong><\/p>\n\n\n\n<p>En avril 1992, sur invitation du Consulat une quarantaine de candidats-membres se r\u00e9unirent au Mas de Vissenaken \u00e0 Caixas qui vit ainsi la cr\u00e9ation enthousiaste de l\u2019Amicale.<\/p>\n\n\n\n<figure class=\"wp-block-image size-large\"><img loading=\"lazy\" decoding=\"async\" width=\"1024\" height=\"768\" src=\"https:\/\/afbpo.fr\/wp-content\/uploads\/2024\/02\/DSC05734-1024x768.jpg\" alt=\"\" class=\"wp-image-212\" srcset=\"https:\/\/afbpo.fr\/wp-content\/uploads\/2024\/02\/DSC05734-1024x768.jpg 1024w, https:\/\/afbpo.fr\/wp-content\/uploads\/2024\/02\/DSC05734-300x225.jpg 300w, https:\/\/afbpo.fr\/wp-content\/uploads\/2024\/02\/DSC05734-768x576.jpg 768w, https:\/\/afbpo.fr\/wp-content\/uploads\/2024\/02\/DSC05734-1536x1152.jpg 1536w, https:\/\/afbpo.fr\/wp-content\/uploads\/2024\/02\/DSC05734-2048x1536.jpg 2048w, https:\/\/afbpo.fr\/wp-content\/uploads\/2024\/02\/DSC05734-1200x900.jpg 1200w\" sizes=\"auto, (max-width: 1024px) 100vw, 1024px\" \/><\/figure>\n\n\n\n<p><br>Het aldus gevormde Managementcomit\u00e9 besloot dat het eerste grote evenement van de jonge Amicale de Belgische Nationale Feestdag op 21 juli zou zijn. Erg leuk feest inderdaad, de toespraken, ongetwijfeld een beetje lang, ontmoedigden de 150 gasten die de maaltijd van Jacques Vissenaken eerden niet. Aan de kant van de autoriteiten vereerden de burgemeesters van Caixas en Montauriol ons, naast de heer Denis Labb\u00e9, sub-prefect van C\u00e9ret, met hun aanwezigheid.<\/p>\n\n\n\n<p>Onder leiding van de eerste voorzitter (wijlen Guy DeBeir), perfect ondersteund door de leden van het Comit\u00e9, kwam onze vereniging zeer snel op kruissnelheid. En kon zo talrijke bijeenkomsten en educatieve en culturele excursies organiseren in een sfeer van openhartige vriendschap.<\/p>\n\n\n\n<p>Dit is de manier waarop onze vereniging sinds haar oprichting, dankzij de solide en genereuze bijdrage van haar leden, een klimaat van vriendschap en cohesie tussen ons heeft kunnen cre\u00ebren en tegelijkertijd in dit Frankrijk dat ons verwelkomt, een positief beeld van ons land heeft gegeven. Belgi\u00eb.<\/p>","protected":false},"excerpt":{"rendered":"<p>Pouss\u00e9s par les \u00e9v\u00e8nements tragiques de mai\/juin 1940, nombre de r\u00e9fugi\u00e9s Belges, dirig\u00e9s alors vers les routes de France, trouv\u00e8rent finalement refuge en cette terre d\u2019accueil qu\u2019est le d\u00e9partement des Pyr\u00e9n\u00e9es-Orientales. Cela ne s\u2019oublie pas \u2026 et le mouvement \u00e9tait d\u00e8s lors amorc\u00e9 ! Combien de nos compatriotes, attir\u00e9s par l&#8217;accueil Catalan, le charme de [&hellip;]<\/p>\n","protected":false},"author":1,"featured_media":0,"parent":0,"menu_order":0,"comment_status":"open","ping_status":"closed","template":"","meta":{"footnotes":""},"class_list":["post-44","page","type-page","status-publish","hentry","entry"],"yoast_head":"<!-- This site is optimized with the Yoast SEO plugin v27.5 - https:\/\/yoast.com\/product\/yoast-seo-wordpress\/ -->\n<title>Histoire de notre amicale - Amicale Franco-Belge des Pyr\u00e9n\u00e9es Orientales<\/title>\n<meta name=\"description\" content=\"#afbpo #amicale #po66 #amicalefrancobelge #belgique #francobelge #france #amiti\u00e9s #perpignan #histoiredelamicale #histoire\" \/>\n<meta name=\"robots\" content=\"index, follow, max-snippet:-1, max-image-preview:large, max-video-preview:-1\" \/>\n<link rel=\"canonical\" href=\"https:\/\/afbpo.fr\/nl\/histoire\/\" \/>\n<meta property=\"og:locale\" content=\"nl_BE\" \/>\n<meta property=\"og:type\" content=\"article\" \/>\n<meta property=\"og:title\" content=\"Histoire de notre amicale - Amicale Franco-Belge des Pyr\u00e9n\u00e9es Orientales\" \/>\n<meta property=\"og:description\" content=\"#afbpo #amicale #po66 #amicalefrancobelge #belgique #francobelge #france #amiti\u00e9s #perpignan #histoiredelamicale #histoire\" \/>\n<meta property=\"og:url\" content=\"https:\/\/afbpo.fr\/nl\/histoire\/\" \/>\n<meta property=\"og:site_name\" content=\"Amicale Franco-Belge des Pyr\u00e9n\u00e9es Orientales\" \/>\n<meta property=\"article:publisher\" content=\"https:\/\/www.facebook.com\/profile.php?id=100064649307304\" \/>\n<meta property=\"article:modified_time\" content=\"2026-01-16T10:18:29+00:00\" \/>\n<meta property=\"og:image\" content=\"https:\/\/afbpo.fr\/wp-content\/uploads\/2024\/02\/DSC05737-scaled.jpg\" \/>\n\t<meta property=\"og:image:width\" content=\"2560\" \/>\n\t<meta property=\"og:image:height\" content=\"1920\" \/>\n\t<meta property=\"og:image:type\" content=\"image\/jpeg\" \/>\n<meta name=\"twitter:card\" content=\"summary_large_image\" \/>\n<meta name=\"twitter:label1\" content=\"Geschatte leestijd\" \/>\n\t<meta name=\"twitter:data1\" content=\"4 minuten\" \/>\n<script type=\"application\/ld+json\" class=\"yoast-schema-graph\">{\"@context\":\"https:\\\/\\\/schema.org\",\"@graph\":[{\"@type\":\"WebPage\",\"@id\":\"https:\\\/\\\/afbpo.fr\\\/histoire\\\/\",\"url\":\"https:\\\/\\\/afbpo.fr\\\/histoire\\\/\",\"name\":\"Histoire de notre amicale - Amicale Franco-Belge des Pyr\u00e9n\u00e9es Orientales\",\"isPartOf\":{\"@id\":\"https:\\\/\\\/afbpo.fr\\\/#website\"},\"primaryImageOfPage\":{\"@id\":\"https:\\\/\\\/afbpo.fr\\\/histoire\\\/#primaryimage\"},\"image\":{\"@id\":\"https:\\\/\\\/afbpo.fr\\\/histoire\\\/#primaryimage\"},\"thumbnailUrl\":\"https:\\\/\\\/afbpo.fr\\\/wp-content\\\/uploads\\\/2024\\\/02\\\/DSC05737-1024x768.jpg\",\"datePublished\":\"2024-02-10T20:40:43+00:00\",\"dateModified\":\"2026-01-16T10:18:29+00:00\",\"description\":\"#afbpo #amicale #po66 #amicalefrancobelge #belgique #francobelge #france #amiti\u00e9s #perpignan #histoiredelamicale #histoire\",\"breadcrumb\":{\"@id\":\"https:\\\/\\\/afbpo.fr\\\/histoire\\\/#breadcrumb\"},\"inLanguage\":\"nl-BE\",\"potentialAction\":[{\"@type\":\"ReadAction\",\"target\":[\"https:\\\/\\\/afbpo.fr\\\/histoire\\\/\"]}]},{\"@type\":\"ImageObject\",\"inLanguage\":\"nl-BE\",\"@id\":\"https:\\\/\\\/afbpo.fr\\\/histoire\\\/#primaryimage\",\"url\":\"https:\\\/\\\/afbpo.fr\\\/wp-content\\\/uploads\\\/2024\\\/02\\\/DSC05737-1024x768.jpg\",\"contentUrl\":\"https:\\\/\\\/afbpo.fr\\\/wp-content\\\/uploads\\\/2024\\\/02\\\/DSC05737-1024x768.jpg\"},{\"@type\":\"BreadcrumbList\",\"@id\":\"https:\\\/\\\/afbpo.fr\\\/histoire\\\/#breadcrumb\",\"itemListElement\":[{\"@type\":\"ListItem\",\"position\":1,\"name\":\"Home\",\"item\":\"https:\\\/\\\/afbpo.fr\\\/\"},{\"@type\":\"ListItem\",\"position\":2,\"name\":\"Histoire de notre amicale\"}]},{\"@type\":\"WebSite\",\"@id\":\"https:\\\/\\\/afbpo.fr\\\/#website\",\"url\":\"https:\\\/\\\/afbpo.fr\\\/\",\"name\":\"Amicale Franco-Belge des Pyr\u00e9n\u00e9es Orientales\",\"description\":\"Ouverte \u00e0 tous les belges, fran\u00e7ais, et autres sympathisants du D\u00e9partement des Pyr\u00e9n\u00e9es Orientales\",\"publisher\":{\"@id\":\"https:\\\/\\\/afbpo.fr\\\/#organization\"},\"potentialAction\":[{\"@type\":\"SearchAction\",\"target\":{\"@type\":\"EntryPoint\",\"urlTemplate\":\"https:\\\/\\\/afbpo.fr\\\/?s={search_term_string}\"},\"query-input\":{\"@type\":\"PropertyValueSpecification\",\"valueRequired\":true,\"valueName\":\"search_term_string\"}}],\"inLanguage\":\"nl-BE\"},{\"@type\":\"Organization\",\"@id\":\"https:\\\/\\\/afbpo.fr\\\/#organization\",\"name\":\"Amicale Franco-Belge des Pyr\u00e9n\u00e9es Orientales\",\"url\":\"https:\\\/\\\/afbpo.fr\\\/\",\"logo\":{\"@type\":\"ImageObject\",\"inLanguage\":\"nl-BE\",\"@id\":\"https:\\\/\\\/afbpo.fr\\\/#\\\/schema\\\/logo\\\/image\\\/\",\"url\":\"https:\\\/\\\/afbpo.fr\\\/wp-content\\\/uploads\\\/2024\\\/02\\\/afbpo-logo.png\",\"contentUrl\":\"https:\\\/\\\/afbpo.fr\\\/wp-content\\\/uploads\\\/2024\\\/02\\\/afbpo-logo.png\",\"width\":570,\"height\":258,\"caption\":\"Amicale Franco-Belge des Pyr\u00e9n\u00e9es Orientales\"},\"image\":{\"@id\":\"https:\\\/\\\/afbpo.fr\\\/#\\\/schema\\\/logo\\\/image\\\/\"},\"sameAs\":[\"https:\\\/\\\/www.facebook.com\\\/profile.php?id=100064649307304\"]}]}<\/script>\n<!-- \/ Yoast SEO plugin. -->","yoast_head_json":{"title":"Geschiedenis van onze amicale - Frans-Belgische vereniging van Pyr\u00e9n\u00e9es Orientales","description":"#afbpo #amicale #po66 #amicalefrancobelge #belgi\u00eb #francobelge #frankrijk #amendes #perpignan #histoiredelamicale #histoire","robots":{"index":"index","follow":"follow","max-snippet":"max-snippet:-1","max-image-preview":"max-image-preview:large","max-video-preview":"max-video-preview:-1"},"canonical":"https:\/\/afbpo.fr\/nl\/histoire\/","og_locale":"nl_BE","og_type":"article","og_title":"Histoire de notre amicale - Amicale Franco-Belge des Pyr\u00e9n\u00e9es Orientales","og_description":"#afbpo #amicale #po66 #amicalefrancobelge #belgique #francobelge #france #amiti\u00e9s #perpignan #histoiredelamicale #histoire","og_url":"https:\/\/afbpo.fr\/nl\/histoire\/","og_site_name":"Amicale Franco-Belge des Pyr\u00e9n\u00e9es Orientales","article_publisher":"https:\/\/www.facebook.com\/profile.php?id=100064649307304","article_modified_time":"2026-01-16T10:18:29+00:00","og_image":[{"width":2560,"height":1920,"url":"https:\/\/afbpo.fr\/wp-content\/uploads\/2024\/02\/DSC05737-scaled.jpg","type":"image\/jpeg"}],"twitter_card":"summary_large_image","twitter_misc":{"Geschatte leestijd":"4 minuten"},"schema":{"@context":"https:\/\/schema.org","@graph":[{"@type":"WebPage","@id":"https:\/\/afbpo.fr\/histoire\/","url":"https:\/\/afbpo.fr\/histoire\/","name":"Geschiedenis van onze amicale - Frans-Belgische vereniging van Pyr\u00e9n\u00e9es Orientales","isPartOf":{"@id":"https:\/\/afbpo.fr\/#website"},"primaryImageOfPage":{"@id":"https:\/\/afbpo.fr\/histoire\/#primaryimage"},"image":{"@id":"https:\/\/afbpo.fr\/histoire\/#primaryimage"},"thumbnailUrl":"https:\/\/afbpo.fr\/wp-content\/uploads\/2024\/02\/DSC05737-1024x768.jpg","datePublished":"2024-02-10T20:40:43+00:00","dateModified":"2026-01-16T10:18:29+00:00","description":"#afbpo #amicale #po66 #amicalefrancobelge #belgi\u00eb #francobelge #frankrijk #amendes #perpignan #histoiredelamicale #histoire","breadcrumb":{"@id":"https:\/\/afbpo.fr\/histoire\/#breadcrumb"},"inLanguage":"nl-BE","potentialAction":[{"@type":"ReadAction","target":["https:\/\/afbpo.fr\/histoire\/"]}]},{"@type":"ImageObject","inLanguage":"nl-BE","@id":"https:\/\/afbpo.fr\/histoire\/#primaryimage","url":"https:\/\/afbpo.fr\/wp-content\/uploads\/2024\/02\/DSC05737-1024x768.jpg","contentUrl":"https:\/\/afbpo.fr\/wp-content\/uploads\/2024\/02\/DSC05737-1024x768.jpg"},{"@type":"BreadcrumbList","@id":"https:\/\/afbpo.fr\/histoire\/#breadcrumb","itemListElement":[{"@type":"ListItem","position":1,"name":"Home","item":"https:\/\/afbpo.fr\/"},{"@type":"ListItem","position":2,"name":"Histoire de notre amicale"}]},{"@type":"WebSite","@id":"https:\/\/afbpo.fr\/#website","url":"https:\/\/afbpo.fr\/","name":"Amicale Franco-Belge des Pyr\u00e9n\u00e9es Orientales","description":"Open voor alle Belgen, Fransen en anderen\naanhangers van het departement Pyr\u00e9n\u00e9es Orientales","publisher":{"@id":"https:\/\/afbpo.fr\/#organization"},"potentialAction":[{"@type":"SearchAction","target":{"@type":"EntryPoint","urlTemplate":"https:\/\/afbpo.fr\/?s={search_term_string}"},"query-input":{"@type":"PropertyValueSpecification","valueRequired":true,"valueName":"search_term_string"}}],"inLanguage":"nl-BE"},{"@type":"Organization","@id":"https:\/\/afbpo.fr\/#organization","name":"Amicale Franco-Belge des Pyr\u00e9n\u00e9es Orientales","url":"https:\/\/afbpo.fr\/","logo":{"@type":"ImageObject","inLanguage":"nl-BE","@id":"https:\/\/afbpo.fr\/#\/schema\/logo\/image\/","url":"https:\/\/afbpo.fr\/wp-content\/uploads\/2024\/02\/afbpo-logo.png","contentUrl":"https:\/\/afbpo.fr\/wp-content\/uploads\/2024\/02\/afbpo-logo.png","width":570,"height":258,"caption":"Amicale Franco-Belge des Pyr\u00e9n\u00e9es Orientales"},"image":{"@id":"https:\/\/afbpo.fr\/#\/schema\/logo\/image\/"},"sameAs":["https:\/\/www.facebook.com\/profile.php?id=100064649307304"]}]}},"publishpress_future_action":{"enabled":false,"date":"2026-05-14 14:47:11","action":"change-status","newStatus":"draft","terms":[],"taxonomy":"","extraData":[]},"publishpress_future_workflow_manual_trigger":{"enabledWorkflows":[]},"_links":{"self":[{"href":"https:\/\/afbpo.fr\/nl\/wp-json\/wp\/v2\/pages\/44","targetHints":{"allow":["GET"]}}],"collection":[{"href":"https:\/\/afbpo.fr\/nl\/wp-json\/wp\/v2\/pages"}],"about":[{"href":"https:\/\/afbpo.fr\/nl\/wp-json\/wp\/v2\/types\/page"}],"author":[{"embeddable":true,"href":"https:\/\/afbpo.fr\/nl\/wp-json\/wp\/v2\/users\/1"}],"replies":[{"embeddable":true,"href":"https:\/\/afbpo.fr\/nl\/wp-json\/wp\/v2\/comments?post=44"}],"version-history":[{"count":8,"href":"https:\/\/afbpo.fr\/nl\/wp-json\/wp\/v2\/pages\/44\/revisions"}],"predecessor-version":[{"id":2785,"href":"https:\/\/afbpo.fr\/nl\/wp-json\/wp\/v2\/pages\/44\/revisions\/2785"}],"wp:attachment":[{"href":"https:\/\/afbpo.fr\/nl\/wp-json\/wp\/v2\/media?parent=44"}],"curies":[{"name":"wp","href":"https:\/\/api.w.org\/{rel}","templated":true}]}}