{"id":995,"date":"2024-02-24T10:34:54","date_gmt":"2024-02-24T09:34:54","guid":{"rendered":"https:\/\/afbpo.fr\/?page_id=995"},"modified":"2026-03-14T13:32:11","modified_gmt":"2026-03-14T12:32:11","slug":"photos","status":"publish","type":"page","link":"https:\/\/afbpo.fr\/nl\/photos\/","title":{"rendered":"Foto albums"},"content":{"rendered":"<figure class=\"wp-block-image size-full is-resized\"><a href=\"https:\/\/afbpo.fr\/nl\/archives-photo-video\/\"><img loading=\"lazy\" decoding=\"async\" width=\"259\" height=\"194\" src=\"https:\/\/afbpo.fr\/wp-content\/uploads\/2024\/03\/telechargement.jpg\" alt=\"\" class=\"wp-image-1371\" style=\"width:170px;height:auto\" srcset=\"https:\/\/afbpo.fr\/wp-content\/uploads\/2024\/03\/telechargement.jpg 259w, https:\/\/afbpo.fr\/wp-content\/uploads\/2024\/03\/telechargement-16x12.jpg 16w\" sizes=\"auto, (max-width: 259px) 100vw, 259px\" \/><\/a><\/figure>\n\n\n\n<figure class=\"wp-block-table\"><table class=\"has-fixed-layout\"><tbody><tr><td><strong>01\/2026 Repas des voeux 2026<\/strong><br><a href=\"https:\/\/photos.app.goo.gl\/j26zedaB3k1zwfcU9\">https:\/\/photos.app.goo.gl\/j26zedaB3k1zwfcU9<\/a><\/td><td><strong>03\/2026<\/strong> <strong>Cirque National Gerone<\/strong><br><a href=\"https:\/\/photos.app.goo.gl\/aMW9jB28WQC7Rizm8\">https:\/\/photos.app.goo.gl\/aMW9jB28WQC7Rizm8<\/a><\/td><\/tr><tr><td><strong>08\/2025 Zomermaaltijd bij Romagu\u00e9<\/strong><br><a href=\"https:\/\/photos.app.goo.gl\/XodRieF3Z4Sga63U9\">https:\/\/photos.app.goo.gl\/XodRieF3Z4Sga63U9<\/a><\/td><td><strong>11\/2025 Repas de chasse<\/strong><br><a href=\"https:\/\/photos.app.goo.gl\/1RaQjfT2k1Md5obq9\">https:\/\/photos.app.goo.gl\/1RaQjfT2k1Md5obq9<\/a><\/td><\/tr><tr><td><strong>07\/2025 Belgische Nationale Feestdag<\/strong><br><a href=\"https:\/\/photos.app.goo.gl\/E3tYhWbGRtfAvhrh9\">https:\/\/photos.app.goo.gl\/E3tYhWbGRtfAvhrh9<\/a><\/td><td><strong>06\/2025 Bezoek aan Cucugnan en Tautavel<\/strong><br><a href=\"https:\/\/photos.app.goo.gl\/CX73oHcTFrXzZMt68\">https:\/\/photos.app.goo.gl\/CX73oHcTFrXzZMt68<\/a><\/td><\/tr><tr><td><strong>05\/2025 Excursie naar La Garrotxa (Spanje)<\/strong><br><a href=\"https:\/\/photos.app.goo.gl\/y1uHNcpSRCBfwpbXA\">https:\/\/photos.app.goo.gl\/y1uHNcpSRCBfwpbXA<\/a><\/td><td><strong>04\/2025 Bezoek aan de BYHRR-fabriek en Thuir<\/strong><br><a href=\"https:\/\/photos.app.goo.gl\/9E9B1JkkeuKiP7e9A\">https:\/\/photos.app.goo.gl\/9E9B1JkkeuKiP7e9A<\/a><\/td><\/tr><tr><td><strong>03\/2025 Maaltijd bij Arago<\/strong><br><a href=\"https:\/\/photos.app.goo.gl\/HHvThEqgEEm8rLWj9\">https:\/\/photos.app.goo.gl\/HHvThEqgEEm8rLWj9<\/a><\/td><td><strong>01\/2025 \u2013 Nieuwjaarsmaaltijd 2025<\/strong><br><a href=\"https:\/\/photos.app.goo.gl\/rjvdxzdTtn6EKTTz6\">https:\/\/photos.app.goo.gl\/rjvdxzdTtn6EKTTz6<\/a><\/td><\/tr><tr><td><strong>10\/2024 Reis naar Salou<\/strong><br><a href=\"https:\/\/photos.app.goo.gl\/jAorKSZc2QfsnSH79\">https:\/\/photos.app.goo.gl\/jAorKSZc2QfsnSH79<\/a><\/td><td><strong>11\/2024 Jachtmaaltijd in La Belle Vigne<\/strong><br><a href=\"https:\/\/photos.app.goo.gl\/boJMW6DC95RBQqrq5\">https:\/\/photos.app.goo.gl\/boJMW6DC95RBQqrq5<\/a><\/td><\/tr><tr><td><strong>09\/2024 Speeldag \/ Jeu de boules<\/strong><br><a href=\"https:\/\/photos.app.goo.gl\/cVryoEzgsYonpwCn6\">https:\/\/photos.app.goo.gl\/cVryoEzgsYonpwCn6<\/a><\/td><td><strong>09\/2024 Gastro Gare in Perpignan<\/strong><br><a href=\"https:\/\/photos.app.goo.gl\/Bf3LSfwMupUMimxY7\">https:\/\/photos.app.goo.gl\/Bf3LSfwMupUMimxY7<\/a><\/td><\/tr><tr><td><strong>08\/2024 Traditionele zomermaaltijd<\/strong><br><a href=\"https:\/\/photos.app.goo.gl\/KujxahFvNyVVWBww6\">https:\/\/photos.app.goo.gl\/KujxahFvNyVVWBww6<\/a><\/td><td><strong>07\/2024 Belgische Nationale Dag van de AFBPO<\/strong><br><a href=\"https:\/\/photos.app.goo.gl\/VC7ZEhAF9mCGKKJW7\">https:\/\/photos.app.goo.gl\/VC7ZEhAF9mCGKKJW7<\/a><\/td><\/tr><tr><td><strong>07\/2024 Nationale feestdag in Perpignan<\/strong><br><a href=\"https:\/\/photos.app.goo.gl\/FRhHFRAU4AKQBFKX6\">https:\/\/photos.app.goo.gl\/FRhHFRAU4AKQBFKX6<\/a><\/td><td><strong>06\/2024 Dag in Canet<\/strong><br><a href=\"https:\/\/photos.app.goo.gl\/gYU8b9hF8vV9pTc1A\">https:\/\/photos.app.goo.gl\/gYU8b9hF8vV9pTc1A<\/a><\/td><\/tr><tr><td><strong>05\/2024 Jacques Brel-concert<\/strong><br><a href=\"https:\/\/photos.app.goo.gl\/sn3Kf6AXRuASFy3d8\">https:\/\/photos.app.goo.gl\/sn3Kf6AXRuASFy3d8<\/a><\/td><td><strong>03\/2024 ARAGO Maaltijd<\/strong><br><a href=\"https:\/\/photos.app.goo.gl\/4KJ1fMqpPKWb7QnN8\">https:\/\/photos.app.goo.gl\/4KJ1fMqpPKWb7QnN8<\/a><\/td><\/tr><tr><td><strong>01\/2024 Oudejaarsavondmaaltijd op Domaine Rombeau<\/strong><br><a href=\"https:\/\/photos.app.goo.gl\/Bd66peTym6bjn11EA\">https:\/\/photos.app.goo.gl\/Bd66peTym6bjn11EA<\/a><\/td><td><strong>11\/2023 Jachtmaaltijd<\/strong><br><a href=\"https:\/\/photos.app.goo.gl\/2LJU6aeo8gqnr8yC6\">https:\/\/photos.app.goo.gl\/2LJU6aeo8gqnr8yC6<\/a><\/td><\/tr><tr><td><strong>08\/2023 Zomermaaltijd<\/strong><br><a href=\"https:\/\/photos.app.goo.gl\/qSBesUHDrPi4JwdF9\">https:\/\/photos.app.goo.gl\/qSBesUHDrPi4JwdF9<\/a><\/td><td><strong>07\/2023 AFBPO Nationale Dag<\/strong><br><a href=\"https:\/\/photos.app.goo.gl\/udWNsAuqSm6C8cU66\">https:\/\/photos.app.goo.gl\/udWNsAuqSm6C8cU66<\/a><\/td><\/tr><tr><td><\/td><td><\/td><\/tr><tr><td><\/td><td><\/td><\/tr><tr><td><\/td><td><\/td><\/tr><tr><td><\/td><td><\/td><\/tr><tr><td><\/td><td><\/td><\/tr><tr><td><\/td><td><\/td><\/tr><tr><td><\/td><td><\/td><\/tr><tr><td><\/td><td><\/td><\/tr><tr><td><\/td><td><\/td><\/tr><tr><td><\/td><td><\/td><\/tr><tr><td><\/td><td><\/td><\/tr><tr><td><\/td><td><\/td><\/tr><tr><td><\/td><td><\/td><\/tr><tr><td><\/td><td><\/td><\/tr><tr><td><\/td><td><\/td><\/tr><tr><td><\/td><td><\/td><\/tr><tr><td><\/td><td><\/td><\/tr><tr><td><\/td><td><\/td><\/tr><tr><td><\/td><td><\/td><\/tr><tr><td><\/td><td><\/td><\/tr><tr><td><\/td><td><\/td><\/tr><tr><td><\/td><td><\/td><\/tr><\/tbody><\/table><\/figure>\n\n\n\n<div class=\"wp-block-group\"><div class=\"wp-block-group__inner-container is-layout-constrained wp-block-group-is-layout-constrained\"><\/div><\/div>","protected":false},"excerpt":{"rendered":"<p>01\/2026 Repas des voeux 2026https:\/\/photos.app.goo.gl\/j26zedaB3k1zwfcU9 03\/2026 Cirque National Geronehttps:\/\/photos.app.goo.gl\/aMW9jB28WQC7Rizm8 08\/2025 Repas d&#8217;\u00e9t\u00e9 au romagu\u00e9https:\/\/photos.app.goo.gl\/XodRieF3Z4Sga63U9 11\/2025 Repas de chassehttps:\/\/photos.app.goo.gl\/1RaQjfT2k1Md5obq9 07\/2025 F\u00eate nationale Belgehttps:\/\/photos.app.goo.gl\/E3tYhWbGRtfAvhrh9 06\/2025 Visite \u00e0 Cucugnan et Tautavelhttps:\/\/photos.app.goo.gl\/CX73oHcTFrXzZMt68 05\/2025 Excursion \u00e0 la Garrotxa (Espagne)https:\/\/photos.app.goo.gl\/y1uHNcpSRCBfwpbXA 04\/2025 Visite de l&#8217;usine BYHRR et de Thuirhttps:\/\/photos.app.goo.gl\/9E9B1JkkeuKiP7e9A 03\/2025 Repas \u00e0 l&#8217;Aragohttps:\/\/photos.app.goo.gl\/HHvThEqgEEm8rLWj9 01\/2025 &#8211; Repas des voeux 2025https:\/\/photos.app.goo.gl\/rjvdxzdTtn6EKTTz6 10\/2024 Voyage \u00e0 [&hellip;]<\/p>\n","protected":false},"author":1,"featured_media":0,"parent":0,"menu_order":0,"comment_status":"closed","ping_status":"closed","template":"","meta":{"footnotes":""},"class_list":["post-995","page","type-page","status-publish","hentry","entry"],"yoast_head":"<!-- This site is optimized with the Yoast SEO plugin v27.4 - https:\/\/yoast.com\/product\/yoast-seo-wordpress\/ -->\n<title>Album Photos - Amicale Franco-Belge des Pyr\u00e9n\u00e9es Orientales<\/title>\n<meta name=\"description\" content=\"#photos #afbpo #amicalefrancobelge #france #belgique #amicale #amiti\u00e9s #albumphoto #souvenirs #sud #po66 #sorties #voyages #amiti\u00e9s #souvenir\" \/>\n<meta name=\"robots\" content=\"index, follow, max-snippet:-1, max-image-preview:large, max-video-preview:-1\" \/>\n<link rel=\"canonical\" href=\"https:\/\/afbpo.fr\/nl\/photos\/\" \/>\n<meta property=\"og:locale\" content=\"nl_BE\" \/>\n<meta property=\"og:type\" content=\"article\" \/>\n<meta property=\"og:title\" content=\"Album Photos - Amicale Franco-Belge des Pyr\u00e9n\u00e9es Orientales\" \/>\n<meta property=\"og:description\" content=\"#photos #afbpo #amicalefrancobelge #france #belgique #amicale #amiti\u00e9s #albumphoto #souvenirs #sud #po66 #sorties #voyages #amiti\u00e9s #souvenir\" \/>\n<meta property=\"og:url\" content=\"https:\/\/afbpo.fr\/nl\/photos\/\" \/>\n<meta property=\"og:site_name\" content=\"Amicale Franco-Belge des Pyr\u00e9n\u00e9es Orientales\" \/>\n<meta property=\"article:publisher\" content=\"https:\/\/www.facebook.com\/profile.php?id=100064649307304\" \/>\n<meta property=\"article:modified_time\" content=\"2026-03-14T12:32:11+00:00\" \/>\n<meta property=\"og:image\" content=\"https:\/\/afbpo.fr\/wp-content\/uploads\/2024\/03\/telechargement.jpg\" \/>\n\t<meta property=\"og:image:width\" content=\"259\" \/>\n\t<meta property=\"og:image:height\" content=\"194\" \/>\n\t<meta property=\"og:image:type\" content=\"image\/jpeg\" \/>\n<meta name=\"twitter:card\" content=\"summary_large_image\" \/>\n<meta name=\"twitter:label1\" content=\"Geschatte leestijd\" \/>\n\t<meta name=\"twitter:data1\" content=\"1 minuut\" \/>\n<script type=\"application\/ld+json\" class=\"yoast-schema-graph\">{\"@context\":\"https:\\\/\\\/schema.org\",\"@graph\":[{\"@type\":\"WebPage\",\"@id\":\"https:\\\/\\\/afbpo.fr\\\/photos\\\/\",\"url\":\"https:\\\/\\\/afbpo.fr\\\/photos\\\/\",\"name\":\"Album Photos - Amicale Franco-Belge des Pyr\u00e9n\u00e9es Orientales\",\"isPartOf\":{\"@id\":\"https:\\\/\\\/afbpo.fr\\\/#website\"},\"primaryImageOfPage\":{\"@id\":\"https:\\\/\\\/afbpo.fr\\\/photos\\\/#primaryimage\"},\"image\":{\"@id\":\"https:\\\/\\\/afbpo.fr\\\/photos\\\/#primaryimage\"},\"thumbnailUrl\":\"https:\\\/\\\/afbpo.fr\\\/wp-content\\\/uploads\\\/2024\\\/03\\\/telechargement.jpg\",\"datePublished\":\"2024-02-24T09:34:54+00:00\",\"dateModified\":\"2026-03-14T12:32:11+00:00\",\"description\":\"#photos #afbpo #amicalefrancobelge #france #belgique #amicale #amiti\u00e9s #albumphoto #souvenirs #sud #po66 #sorties #voyages #amiti\u00e9s #souvenir\",\"breadcrumb\":{\"@id\":\"https:\\\/\\\/afbpo.fr\\\/photos\\\/#breadcrumb\"},\"inLanguage\":\"nl-BE\",\"potentialAction\":[{\"@type\":\"ReadAction\",\"target\":[\"https:\\\/\\\/afbpo.fr\\\/photos\\\/\"]}]},{\"@type\":\"ImageObject\",\"inLanguage\":\"nl-BE\",\"@id\":\"https:\\\/\\\/afbpo.fr\\\/photos\\\/#primaryimage\",\"url\":\"https:\\\/\\\/afbpo.fr\\\/wp-content\\\/uploads\\\/2024\\\/03\\\/telechargement.jpg\",\"contentUrl\":\"https:\\\/\\\/afbpo.fr\\\/wp-content\\\/uploads\\\/2024\\\/03\\\/telechargement.jpg\"},{\"@type\":\"BreadcrumbList\",\"@id\":\"https:\\\/\\\/afbpo.fr\\\/photos\\\/#breadcrumb\",\"itemListElement\":[{\"@type\":\"ListItem\",\"position\":1,\"name\":\"Home\",\"item\":\"https:\\\/\\\/afbpo.fr\\\/\"},{\"@type\":\"ListItem\",\"position\":2,\"name\":\"Album Photos\"}]},{\"@type\":\"WebSite\",\"@id\":\"https:\\\/\\\/afbpo.fr\\\/#website\",\"url\":\"https:\\\/\\\/afbpo.fr\\\/\",\"name\":\"Amicale Franco-Belge des Pyr\u00e9n\u00e9es Orientales\",\"description\":\"Ouverte \u00e0 tous les belges, fran\u00e7ais, et autres sympathisants du D\u00e9partement des Pyr\u00e9n\u00e9es Orientales\",\"publisher\":{\"@id\":\"https:\\\/\\\/afbpo.fr\\\/#organization\"},\"potentialAction\":[{\"@type\":\"SearchAction\",\"target\":{\"@type\":\"EntryPoint\",\"urlTemplate\":\"https:\\\/\\\/afbpo.fr\\\/?s={search_term_string}\"},\"query-input\":{\"@type\":\"PropertyValueSpecification\",\"valueRequired\":true,\"valueName\":\"search_term_string\"}}],\"inLanguage\":\"nl-BE\"},{\"@type\":\"Organization\",\"@id\":\"https:\\\/\\\/afbpo.fr\\\/#organization\",\"name\":\"Amicale Franco-Belge des Pyr\u00e9n\u00e9es Orientales\",\"url\":\"https:\\\/\\\/afbpo.fr\\\/\",\"logo\":{\"@type\":\"ImageObject\",\"inLanguage\":\"nl-BE\",\"@id\":\"https:\\\/\\\/afbpo.fr\\\/#\\\/schema\\\/logo\\\/image\\\/\",\"url\":\"https:\\\/\\\/afbpo.fr\\\/wp-content\\\/uploads\\\/2024\\\/02\\\/afbpo-logo.png\",\"contentUrl\":\"https:\\\/\\\/afbpo.fr\\\/wp-content\\\/uploads\\\/2024\\\/02\\\/afbpo-logo.png\",\"width\":570,\"height\":258,\"caption\":\"Amicale Franco-Belge des Pyr\u00e9n\u00e9es Orientales\"},\"image\":{\"@id\":\"https:\\\/\\\/afbpo.fr\\\/#\\\/schema\\\/logo\\\/image\\\/\"},\"sameAs\":[\"https:\\\/\\\/www.facebook.com\\\/profile.php?id=100064649307304\"]}]}<\/script>\n<!-- \/ Yoast SEO plugin. -->","yoast_head_json":{"title":"Album Photos - Amicale Franco-Belge des Pyr\u00e9n\u00e9es Orientales","description":"#photos #afbpo #amicalefrancobelge #france #belgique #amicale #amiti\u00e9s #albumphoto #souvenirs #sud #po66 #sorties #voyages #amiti\u00e9s #souvenir","robots":{"index":"index","follow":"follow","max-snippet":"max-snippet:-1","max-image-preview":"max-image-preview:large","max-video-preview":"max-video-preview:-1"},"canonical":"https:\/\/afbpo.fr\/nl\/photos\/","og_locale":"nl_BE","og_type":"article","og_title":"Album Photos - Amicale Franco-Belge des Pyr\u00e9n\u00e9es Orientales","og_description":"#photos #afbpo #amicalefrancobelge #france #belgique #amicale #amiti\u00e9s #albumphoto #souvenirs #sud #po66 #sorties #voyages #amiti\u00e9s #souvenir","og_url":"https:\/\/afbpo.fr\/nl\/photos\/","og_site_name":"Amicale Franco-Belge des Pyr\u00e9n\u00e9es Orientales","article_publisher":"https:\/\/www.facebook.com\/profile.php?id=100064649307304","article_modified_time":"2026-03-14T12:32:11+00:00","og_image":[{"width":259,"height":194,"url":"https:\/\/afbpo.fr\/wp-content\/uploads\/2024\/03\/telechargement.jpg","type":"image\/jpeg"}],"twitter_card":"summary_large_image","twitter_misc":{"Geschatte leestijd":"1 minuut"},"schema":{"@context":"https:\/\/schema.org","@graph":[{"@type":"WebPage","@id":"https:\/\/afbpo.fr\/photos\/","url":"https:\/\/afbpo.fr\/photos\/","name":"Album Photos - Amicale Franco-Belge des Pyr\u00e9n\u00e9es Orientales","isPartOf":{"@id":"https:\/\/afbpo.fr\/#website"},"primaryImageOfPage":{"@id":"https:\/\/afbpo.fr\/photos\/#primaryimage"},"image":{"@id":"https:\/\/afbpo.fr\/photos\/#primaryimage"},"thumbnailUrl":"https:\/\/afbpo.fr\/wp-content\/uploads\/2024\/03\/telechargement.jpg","datePublished":"2024-02-24T09:34:54+00:00","dateModified":"2026-03-14T12:32:11+00:00","description":"#photos #afbpo #amicalefrancobelge #france #belgique #amicale #amiti\u00e9s #albumphoto #souvenirs #sud #po66 #sorties #voyages #amiti\u00e9s #souvenir","breadcrumb":{"@id":"https:\/\/afbpo.fr\/photos\/#breadcrumb"},"inLanguage":"nl-BE","potentialAction":[{"@type":"ReadAction","target":["https:\/\/afbpo.fr\/photos\/"]}]},{"@type":"ImageObject","inLanguage":"nl-BE","@id":"https:\/\/afbpo.fr\/photos\/#primaryimage","url":"https:\/\/afbpo.fr\/wp-content\/uploads\/2024\/03\/telechargement.jpg","contentUrl":"https:\/\/afbpo.fr\/wp-content\/uploads\/2024\/03\/telechargement.jpg"},{"@type":"BreadcrumbList","@id":"https:\/\/afbpo.fr\/photos\/#breadcrumb","itemListElement":[{"@type":"ListItem","position":1,"name":"Home","item":"https:\/\/afbpo.fr\/"},{"@type":"ListItem","position":2,"name":"Album Photos"}]},{"@type":"WebSite","@id":"https:\/\/afbpo.fr\/#website","url":"https:\/\/afbpo.fr\/","name":"Amicale Franco-Belge des Pyr\u00e9n\u00e9es Orientales","description":"Open voor alle Belgen, Fransen en anderen\naanhangers van het departement Pyr\u00e9n\u00e9es Orientales","publisher":{"@id":"https:\/\/afbpo.fr\/#organization"},"potentialAction":[{"@type":"SearchAction","target":{"@type":"EntryPoint","urlTemplate":"https:\/\/afbpo.fr\/?s={search_term_string}"},"query-input":{"@type":"PropertyValueSpecification","valueRequired":true,"valueName":"search_term_string"}}],"inLanguage":"nl-BE"},{"@type":"Organization","@id":"https:\/\/afbpo.fr\/#organization","name":"Amicale Franco-Belge des Pyr\u00e9n\u00e9es Orientales","url":"https:\/\/afbpo.fr\/","logo":{"@type":"ImageObject","inLanguage":"nl-BE","@id":"https:\/\/afbpo.fr\/#\/schema\/logo\/image\/","url":"https:\/\/afbpo.fr\/wp-content\/uploads\/2024\/02\/afbpo-logo.png","contentUrl":"https:\/\/afbpo.fr\/wp-content\/uploads\/2024\/02\/afbpo-logo.png","width":570,"height":258,"caption":"Amicale Franco-Belge des Pyr\u00e9n\u00e9es Orientales"},"image":{"@id":"https:\/\/afbpo.fr\/#\/schema\/logo\/image\/"},"sameAs":["https:\/\/www.facebook.com\/profile.php?id=100064649307304"]}]}},"publishpress_future_action":{"enabled":false,"date":"2026-04-23 10:32:48","action":"change-status","newStatus":"draft","terms":[],"taxonomy":"","extraData":[]},"publishpress_future_workflow_manual_trigger":{"enabledWorkflows":[]},"_links":{"self":[{"href":"https:\/\/afbpo.fr\/nl\/wp-json\/wp\/v2\/pages\/995","targetHints":{"allow":["GET"]}}],"collection":[{"href":"https:\/\/afbpo.fr\/nl\/wp-json\/wp\/v2\/pages"}],"about":[{"href":"https:\/\/afbpo.fr\/nl\/wp-json\/wp\/v2\/types\/page"}],"author":[{"embeddable":true,"href":"https:\/\/afbpo.fr\/nl\/wp-json\/wp\/v2\/users\/1"}],"replies":[{"embeddable":true,"href":"https:\/\/afbpo.fr\/nl\/wp-json\/wp\/v2\/comments?post=995"}],"version-history":[{"count":26,"href":"https:\/\/afbpo.fr\/nl\/wp-json\/wp\/v2\/pages\/995\/revisions"}],"predecessor-version":[{"id":2847,"href":"https:\/\/afbpo.fr\/nl\/wp-json\/wp\/v2\/pages\/995\/revisions\/2847"}],"wp:attachment":[{"href":"https:\/\/afbpo.fr\/nl\/wp-json\/wp\/v2\/media?parent=995"}],"curies":[{"name":"wp","href":"https:\/\/api.w.org\/{rel}","templated":true}]}}